{"id":19942,"date":"2025-05-19T13:00:59","date_gmt":"2025-05-19T13:00:59","guid":{"rendered":"https:\/\/stantechpackaging.com\/?page_id=19942"},"modified":"2025-05-19T13:35:40","modified_gmt":"2025-05-19T13:35:40","slug":"thankyou","status":"publish","type":"page","link":"https:\/\/stantechpackaging.com\/sr\/thankyou\/","title":{"rendered":"Hvala!"},"content":{"rendered":"<div data-elementor-type=\"wp-page\" data-elementor-id=\"19942\" class=\"elementor elementor-19942\">\n\t\t\t\t\t\t<section class=\"elementor-section elementor-top-section elementor-element elementor-element-5250112 elementor-section-stretched elementor-section-height-min-height elementor-section-boxed elementor-section-height-default elementor-section-items-middle\" data-id=\"5250112\" data-element_type=\"section\" data-settings=\"{&quot;stretch_section&quot;:&quot;section-stretched&quot;,&quot;background_background&quot;:&quot;classic&quot;}\">\n\t\t\t\t\t\t<div class=\"elementor-container elementor-column-gap-wide\">\n\t\t\t\t\t<div class=\"elementor-column elementor-col-50 elementor-top-column elementor-element elementor-element-2f67886\" data-id=\"2f67886\" data-element_type=\"column\">\n\t\t\t<div class=\"elementor-widget-wrap elementor-element-populated\">\n\t\t\t\t\t\t<div class=\"elementor-element elementor-element-bd072be elementor-widget elementor-widget-text-editor\" data-id=\"bd072be\" data-element_type=\"widget\" data-widget_type=\"text-editor.default\">\n\t\t\t\t<div class=\"elementor-widget-container\">\n\t\t\t\t\t\t\t\t\t<p>Va\u0161 upit je uspe\u0161no primljen od strane <strong>Stantech Packaging Machines<\/strong>.<br \/>Zahvaljujemo na interesovanju \u2013 odgovori\u0107emo vam u najkra\u0107em mogu\u0107em roku.<\/p><p>U me\u0111uvremenu, slobodno istra\u017eite na\u0161e proizvode i re\u0161enja.<\/p>\t\t\t\t\t\t\t\t<\/div>\n\t\t\t\t<\/div>\n\t\t\t\t<section class=\"elementor-section elementor-inner-section elementor-element elementor-element-5259393 elementor-section-boxed elementor-section-height-default elementor-section-height-default\" data-id=\"5259393\" data-element_type=\"section\">\n\t\t\t\t\t\t<div class=\"elementor-container elementor-column-gap-default\">\n\t\t\t\t\t<div class=\"elementor-column elementor-col-50 elementor-inner-column elementor-element elementor-element-920c204\" data-id=\"920c204\" data-element_type=\"column\">\n\t\t\t<div class=\"elementor-widget-wrap elementor-element-populated\">\n\t\t\t\t\t\t<div class=\"elementor-element elementor-element-aacff6d elementor-widget elementor-widget-industrium_heading\" data-id=\"aacff6d\" data-element_type=\"widget\" data-widget_type=\"industrium_heading.default\">\n\t\t\t\t<div class=\"elementor-widget-container\">\n\t\t\t\t\t<div class=\"industrium-heading-widget\"><h5 class=\"industrium-heading\"><span class=\"industrium-heading-content\"><a href=\"https:\/\/stantechpackaging.com\/sr\/solutions\/\">Pogledajte na\u0161e ma\u0161ine<\/a><\/span><\/h5><\/div>\t\t\t\t<\/div>\n\t\t\t\t<\/div>\n\t\t\t\t\t<\/div>\n\t\t<\/div>\n\t\t\t\t<div class=\"elementor-column elementor-col-50 elementor-inner-column elementor-element elementor-element-ead7ce5\" data-id=\"ead7ce5\" data-element_type=\"column\">\n\t\t\t<div class=\"elementor-widget-wrap elementor-element-populated\">\n\t\t\t\t\t\t<div class=\"elementor-element elementor-element-813737b elementor-widget elementor-widget-industrium_heading\" data-id=\"813737b\" data-element_type=\"widget\" data-widget_type=\"industrium_heading.default\">\n\t\t\t\t<div class=\"elementor-widget-container\">\n\t\t\t\t\t<div class=\"industrium-heading-widget\"><h5 class=\"industrium-heading\"><span class=\"industrium-heading-content\"><a href=\"https:\/\/stantechpackaging.com\/sr\/\">Vrati se na po\u010detnu stranu<\/a><\/span><\/h5><\/div>\t\t\t\t<\/div>\n\t\t\t\t<\/div>\n\t\t\t\t\t<\/div>\n\t\t<\/div>\n\t\t\t\t\t<\/div>\n\t\t<\/section>\n\t\t\t\t\t<\/div>\n\t\t<\/div>\n\t\t\t\t<div class=\"elementor-column elementor-col-50 elementor-top-column elementor-element elementor-element-2d44675\" data-id=\"2d44675\" data-element_type=\"column\">\n\t\t\t<div class=\"elementor-widget-wrap\">\n\t\t\t\t\t\t\t<\/div>\n\t\t<\/div>\n\t\t\t\t\t<\/div>\n\t\t<\/section>\n\t\t\t\t<section class=\"elementor-section elementor-top-section elementor-element elementor-element-3bdf5b6 elementor-section-boxed elementor-section-height-default elementor-section-height-default\" data-id=\"3bdf5b6\" data-element_type=\"section\">\n\t\t\t\t\t\t<div class=\"elementor-container elementor-column-gap-default\">\n\t\t\t\t\t<div class=\"elementor-column elementor-col-100 elementor-top-column elementor-element elementor-element-3a0f495\" data-id=\"3a0f495\" data-element_type=\"column\">\n\t\t\t<div class=\"elementor-widget-wrap elementor-element-populated\">\n\t\t\t\t\t\t<div class=\"elementor-element elementor-element-660d7d9 elementor-widget elementor-widget-google_maps\" data-id=\"660d7d9\" data-element_type=\"widget\" data-widget_type=\"google_maps.default\">\n\t\t\t\t<div class=\"elementor-widget-container\">\n\t\t\t\t\t\t\t<div class=\"elementor-custom-embed\">\n\t\t\t<iframe loading=\"lazy\"\n\t\t\t\t\tsrc=\"https:\/\/maps.google.com\/maps?q=Prhova%C4%8Dka%20161%2C%2022310%20%C5%A0imanovci%2C%20Srbija&#038;t=m&#038;z=14&#038;output=embed&#038;iwloc=near\"\n\t\t\t\t\ttitle=\"Prhova\u010dka 161, 22310 \u0160imanovci, Srbija\"\n\t\t\t\t\taria-label=\"Prhova\u010dka 161, 22310 \u0160imanovci, Srbija\"\n\t\t\t><\/iframe>\n\t\t<\/div>\n\t\t\t\t\t\t<\/div>\n\t\t\t\t<\/div>\n\t\t\t\t\t<\/div>\n\t\t<\/div>\n\t\t\t\t\t<\/div>\n\t\t<\/section>\n\t\t\t\t<\/div>","protected":false},"excerpt":{"rendered":"<p>Your submission has been received by Stantech Packaging Machines.We truly appreciate your interest and will get back to you as soon as possible. In the meantime, feel free to explore more about our products and innovations.<\/p>","protected":false},"author":1,"featured_media":0,"parent":0,"menu_order":0,"comment_status":"closed","ping_status":"closed","template":"","meta":{"_acf_changed":false,"om_disable_all_campaigns":false,"_monsterinsights_skip_tracking":false,"_monsterinsights_sitenote_active":false,"_monsterinsights_sitenote_note":"","_monsterinsights_sitenote_category":0,"footnotes":""},"class_list":["post-19942","page","type-page","status-publish","hentry"],"acf":[],"yoast_head":"<!-- This site is optimized with the Yoast SEO plugin v27.2 - https:\/\/yoast.com\/product\/yoast-seo-wordpress\/ -->\n<title>Contact Us Today<\/title>\n<meta name=\"description\" content=\"Contact Stantech Packaging Machines today, and let us assist you in finding the perfect packaging solutions tailored to your needs.\" \/>\n<meta name=\"robots\" content=\"index, follow, max-snippet:-1, max-image-preview:large, max-video-preview:-1\" \/>\n<link rel=\"canonical\" href=\"https:\/\/stantechpackaging.com\/sr\/thankyou\/\" \/>\n<meta property=\"og:locale\" content=\"sr_RS\" \/>\n<meta property=\"og:type\" content=\"article\" \/>\n<meta property=\"og:title\" content=\"Contact Us Today\" \/>\n<meta property=\"og:description\" content=\"Contact Stantech Packaging Machines today, and let us assist you in finding the perfect packaging solutions tailored to your needs.\" \/>\n<meta property=\"og:url\" content=\"https:\/\/stantechpackaging.com\/sr\/thankyou\/\" \/>\n<meta property=\"og:site_name\" content=\"StanTech Packaging\" \/>\n<meta property=\"article:modified_time\" content=\"2025-05-19T13:35:40+00:00\" \/>\n<meta name=\"twitter:card\" content=\"summary_large_image\" \/>\n<meta name=\"twitter:label1\" content=\"\u041f\u0440\u043e\u0446\u0435\u045a\u0435\u043d\u043e \u0432\u0440\u0435\u043c\u0435 \u0447\u0438\u0442\u0430\u045a\u0430\" \/>\n\t<meta name=\"twitter:data1\" content=\"1 \u043c\u0438\u043d\u0443\u0442\" \/>\n<script type=\"application\/ld+json\" class=\"yoast-schema-graph\">{\"@context\":\"https:\/\/schema.org\",\"@graph\":[{\"@type\":\"WebPage\",\"@id\":\"https:\/\/stantechpackaging.com\/thankyou\/\",\"url\":\"https:\/\/stantechpackaging.com\/thankyou\/\",\"name\":\"Contact Us Today\",\"isPartOf\":{\"@id\":\"https:\/\/stantechpackaging.com\/#website\"},\"datePublished\":\"2025-05-19T13:00:59+00:00\",\"dateModified\":\"2025-05-19T13:35:40+00:00\",\"description\":\"Contact Stantech Packaging Machines today, and let us assist you in finding the perfect packaging solutions tailored to your needs.\",\"breadcrumb\":{\"@id\":\"https:\/\/stantechpackaging.com\/thankyou\/#breadcrumb\"},\"inLanguage\":\"sr-RS\",\"potentialAction\":[{\"@type\":\"ReadAction\",\"target\":[\"https:\/\/stantechpackaging.com\/thankyou\/\"]}]},{\"@type\":\"BreadcrumbList\",\"@id\":\"https:\/\/stantechpackaging.com\/thankyou\/#breadcrumb\",\"itemListElement\":[{\"@type\":\"ListItem\",\"position\":1,\"name\":\"Home\",\"item\":\"https:\/\/stantechpackaging.com\/\"},{\"@type\":\"ListItem\",\"position\":2,\"name\":\"ThankYou\"}]},{\"@type\":\"WebSite\",\"@id\":\"https:\/\/stantechpackaging.com\/#website\",\"url\":\"https:\/\/stantechpackaging.com\/\",\"name\":\"StanTech Packaging\",\"description\":\"Secondary cardboard packaging automation\",\"publisher\":{\"@id\":\"https:\/\/stantechpackaging.com\/#organization\"},\"potentialAction\":[{\"@type\":\"SearchAction\",\"target\":{\"@type\":\"EntryPoint\",\"urlTemplate\":\"https:\/\/stantechpackaging.com\/?s={search_term_string}\"},\"query-input\":{\"@type\":\"PropertyValueSpecification\",\"valueRequired\":true,\"valueName\":\"search_term_string\"}}],\"inLanguage\":\"sr-RS\"},{\"@type\":\"Organization\",\"@id\":\"https:\/\/stantechpackaging.com\/#organization\",\"name\":\"StanTech Packaging\",\"url\":\"https:\/\/stantechpackaging.com\/\",\"logo\":{\"@type\":\"ImageObject\",\"inLanguage\":\"sr-RS\",\"@id\":\"https:\/\/stantechpackaging.com\/#\/schema\/logo\/image\/\",\"url\":\"https:\/\/stantechpackaging.com\/wp-content\/uploads\/2024\/10\/StanTech_MainLogo-03.svg\",\"contentUrl\":\"https:\/\/stantechpackaging.com\/wp-content\/uploads\/2024\/10\/StanTech_MainLogo-03.svg\",\"width\":301,\"height\":100,\"caption\":\"StanTech Packaging\"},\"image\":{\"@id\":\"https:\/\/stantechpackaging.com\/#\/schema\/logo\/image\/\"}}]}<\/script>\n<!-- \/ Yoast SEO plugin. -->","yoast_head_json":{"title":"Contact Us Today","description":"Contact Stantech Packaging Machines today, and let us assist you in finding the perfect packaging solutions tailored to your needs.","robots":{"index":"index","follow":"follow","max-snippet":"max-snippet:-1","max-image-preview":"max-image-preview:large","max-video-preview":"max-video-preview:-1"},"canonical":"https:\/\/stantechpackaging.com\/sr\/thankyou\/","og_locale":"sr_RS","og_type":"article","og_title":"Contact Us Today","og_description":"Contact Stantech Packaging Machines today, and let us assist you in finding the perfect packaging solutions tailored to your needs.","og_url":"https:\/\/stantechpackaging.com\/sr\/thankyou\/","og_site_name":"StanTech Packaging","article_modified_time":"2025-05-19T13:35:40+00:00","twitter_card":"summary_large_image","twitter_misc":{"\u041f\u0440\u043e\u0446\u0435\u045a\u0435\u043d\u043e \u0432\u0440\u0435\u043c\u0435 \u0447\u0438\u0442\u0430\u045a\u0430":"1 \u043c\u0438\u043d\u0443\u0442"},"schema":{"@context":"https:\/\/schema.org","@graph":[{"@type":"WebPage","@id":"https:\/\/stantechpackaging.com\/thankyou\/","url":"https:\/\/stantechpackaging.com\/thankyou\/","name":"Contact Us Today","isPartOf":{"@id":"https:\/\/stantechpackaging.com\/#website"},"datePublished":"2025-05-19T13:00:59+00:00","dateModified":"2025-05-19T13:35:40+00:00","description":"Contact Stantech Packaging Machines today, and let us assist you in finding the perfect packaging solutions tailored to your needs.","breadcrumb":{"@id":"https:\/\/stantechpackaging.com\/thankyou\/#breadcrumb"},"inLanguage":"sr-RS","potentialAction":[{"@type":"ReadAction","target":["https:\/\/stantechpackaging.com\/thankyou\/"]}]},{"@type":"BreadcrumbList","@id":"https:\/\/stantechpackaging.com\/thankyou\/#breadcrumb","itemListElement":[{"@type":"ListItem","position":1,"name":"Home","item":"https:\/\/stantechpackaging.com\/"},{"@type":"ListItem","position":2,"name":"ThankYou"}]},{"@type":"WebSite","@id":"https:\/\/stantechpackaging.com\/#website","url":"https:\/\/stantechpackaging.com\/","name":"StanTech Packaging","description":"Secondary cardboard packaging automation","publisher":{"@id":"https:\/\/stantechpackaging.com\/#organization"},"potentialAction":[{"@type":"SearchAction","target":{"@type":"EntryPoint","urlTemplate":"https:\/\/stantechpackaging.com\/?s={search_term_string}"},"query-input":{"@type":"PropertyValueSpecification","valueRequired":true,"valueName":"search_term_string"}}],"inLanguage":"sr-RS"},{"@type":"Organization","@id":"https:\/\/stantechpackaging.com\/#organization","name":"StanTech Packaging","url":"https:\/\/stantechpackaging.com\/","logo":{"@type":"ImageObject","inLanguage":"sr-RS","@id":"https:\/\/stantechpackaging.com\/#\/schema\/logo\/image\/","url":"https:\/\/stantechpackaging.com\/wp-content\/uploads\/2024\/10\/StanTech_MainLogo-03.svg","contentUrl":"https:\/\/stantechpackaging.com\/wp-content\/uploads\/2024\/10\/StanTech_MainLogo-03.svg","width":301,"height":100,"caption":"StanTech Packaging"},"image":{"@id":"https:\/\/stantechpackaging.com\/#\/schema\/logo\/image\/"}}]}},"jetpack_sharing_enabled":true,"_links":{"self":[{"href":"https:\/\/stantechpackaging.com\/sr\/wp-json\/wp\/v2\/pages\/19942","targetHints":{"allow":["GET"]}}],"collection":[{"href":"https:\/\/stantechpackaging.com\/sr\/wp-json\/wp\/v2\/pages"}],"about":[{"href":"https:\/\/stantechpackaging.com\/sr\/wp-json\/wp\/v2\/types\/page"}],"author":[{"embeddable":true,"href":"https:\/\/stantechpackaging.com\/sr\/wp-json\/wp\/v2\/users\/1"}],"replies":[{"embeddable":true,"href":"https:\/\/stantechpackaging.com\/sr\/wp-json\/wp\/v2\/comments?post=19942"}],"version-history":[{"count":17,"href":"https:\/\/stantechpackaging.com\/sr\/wp-json\/wp\/v2\/pages\/19942\/revisions"}],"predecessor-version":[{"id":19962,"href":"https:\/\/stantechpackaging.com\/sr\/wp-json\/wp\/v2\/pages\/19942\/revisions\/19962"}],"wp:attachment":[{"href":"https:\/\/stantechpackaging.com\/sr\/wp-json\/wp\/v2\/media?parent=19942"}],"curies":[{"name":"wp","href":"https:\/\/api.w.org\/{rel}","templated":true}]}}