{"id":18307,"date":"2025-03-04T00:23:07","date_gmt":"2025-03-04T00:23:07","guid":{"rendered":"https:\/\/stantechpackaging.com\/?page_id=18307"},"modified":"2026-01-12T12:28:19","modified_gmt":"2026-01-12T12:28:19","slug":"contact-us","status":"publish","type":"page","link":"https:\/\/stantechpackaging.com\/sr\/contact-us\/","title":{"rendered":"Kontakt"},"content":{"rendered":"<div data-elementor-type=\"wp-page\" data-elementor-id=\"18307\" class=\"elementor elementor-18307\">\n\t\t\t\t\t\t<section class=\"elementor-section elementor-top-section elementor-element elementor-element-5250112 elementor-section-stretched elementor-section-boxed elementor-section-height-default elementor-section-height-default\" data-id=\"5250112\" data-element_type=\"section\" data-settings=\"{&quot;stretch_section&quot;:&quot;section-stretched&quot;,&quot;background_background&quot;:&quot;classic&quot;}\">\n\t\t\t\t\t\t<div class=\"elementor-container elementor-column-gap-wide\">\n\t\t\t\t\t<div class=\"elementor-column elementor-col-50 elementor-top-column elementor-element elementor-element-2f67886\" data-id=\"2f67886\" data-element_type=\"column\">\n\t\t\t<div class=\"elementor-widget-wrap elementor-element-populated\">\n\t\t\t\t\t\t<div class=\"elementor-element elementor-element-e31abb3 elementor-widget elementor-widget-industrium_heading\" data-id=\"e31abb3\" data-element_type=\"widget\" data-widget_type=\"industrium_heading.default\">\n\t\t\t\t<div class=\"elementor-widget-container\">\n\t\t\t\t\t<div class=\"industrium-heading-widget\"><h2 class=\"industrium-heading\"><span class=\"industrium-heading-content\">Tu smo da vam olak\u0161amo automatizaciju pakovanja<\/span><\/h2><\/div>\t\t\t\t<\/div>\n\t\t\t\t<\/div>\n\t\t\t\t<div class=\"elementor-element elementor-element-bd072be elementor-widget elementor-widget-text-editor\" data-id=\"bd072be\" data-element_type=\"widget\" data-widget_type=\"text-editor.default\">\n\t\t\t\t<div class=\"elementor-widget-container\">\n\t\t\t\t\t\t\t\t\t<p>Bilo da vam je potrebno re\u0161enje za kutije, trejeve, kartonere ili paletizaciju, Stantech je va\u0161 partner. Na\u0161a re\u0161enja za pakovanje su stekla poverenje i zadovoljstvo klijenata \u0161irom sveta. Pozivamo vas da se pridru\u017eite na\u0161oj mre\u017ei zadovoljnih kupaca. Kontaktirajte na\u0161e prodajne predstavnike, koji \u0107e prilagoditi ponudu va\u0161im specifi\u010dnim potrebama.<\/p><p><p style=\"color:white\">.<\/p><\/p>\t\t\t\t\t\t\t\t<\/div>\n\t\t\t\t<\/div>\n\t\t\t\t<section class=\"elementor-section elementor-inner-section elementor-element elementor-element-fcdbc6b elementor-section-boxed elementor-section-height-default elementor-section-height-default\" data-id=\"fcdbc6b\" data-element_type=\"section\">\n\t\t\t\t\t\t<div class=\"elementor-container elementor-column-gap-default\">\n\t\t\t\t\t<div class=\"elementor-column elementor-col-50 elementor-inner-column elementor-element elementor-element-a5d86b9\" data-id=\"a5d86b9\" data-element_type=\"column\">\n\t\t\t<div class=\"elementor-widget-wrap elementor-element-populated\">\n\t\t\t\t\t\t<div class=\"elementor-element elementor-element-11d6ba6 elementor-widget elementor-widget-industrium_heading\" data-id=\"11d6ba6\" data-element_type=\"widget\" data-widget_type=\"industrium_heading.default\">\n\t\t\t\t<div class=\"elementor-widget-container\">\n\t\t\t\t\t<style>.elementor-element-11d6ba6{display:none !important}<\/style>\t\t\t\t<\/div>\n\t\t\t\t<\/div>\n\t\t\t\t<div class=\"elementor-element elementor-element-7b5a52d elementor-widget elementor-widget-industrium_heading\" data-id=\"7b5a52d\" data-element_type=\"widget\" data-widget_type=\"industrium_heading.default\">\n\t\t\t\t<div class=\"elementor-widget-container\">\n\t\t\t\t\t<div class=\"industrium-heading-widget\"><h5 class=\"industrium-heading\"><span class=\"industrium-heading-content\">Adresa<\/span><\/h5><\/div>\t\t\t\t<\/div>\n\t\t\t\t<\/div>\n\t\t\t\t<div class=\"elementor-element elementor-element-3f37516 elementor-widget elementor-widget-text-editor\" data-id=\"3f37516\" data-element_type=\"widget\" data-widget_type=\"text-editor.default\">\n\t\t\t\t<div class=\"elementor-widget-container\">\n\t\t\t\t\t\t\t\t\t<p>Prhova\u010dka 161<br \/>22310 \u0160imanovci, Srbija<\/p>\t\t\t\t\t\t\t\t<\/div>\n\t\t\t\t<\/div>\n\t\t\t\t<div class=\"elementor-element elementor-element-dbd6f6c elementor-widget elementor-widget-industrium_heading\" data-id=\"dbd6f6c\" data-element_type=\"widget\" data-widget_type=\"industrium_heading.default\">\n\t\t\t\t<div class=\"elementor-widget-container\">\n\t\t\t\t\t<div class=\"industrium-heading-widget\"><h5 class=\"industrium-heading\"><span class=\"industrium-heading-content\">Telefon<\/span><\/h5><\/div>\t\t\t\t<\/div>\n\t\t\t\t<\/div>\n\t\t\t\t<div class=\"elementor-element elementor-element-309a161 elementor-widget elementor-widget-text-editor\" data-id=\"309a161\" data-element_type=\"widget\" data-widget_type=\"text-editor.default\">\n\t\t\t\t<div class=\"elementor-widget-container\">\n\t\t\t\t\t\t\t\t\t<p>office: <a href=\"http:\/\/+381222150918\" data-wplink-url-error=\"true\">+381-22-2150918<\/a><br \/>Sales: <a href=\"http:\/\/+38163501831\" data-wplink-url-error=\"true\">+381-63-501831<\/a><\/p>\t\t\t\t\t\t\t\t<\/div>\n\t\t\t\t<\/div>\n\t\t\t\t\t<\/div>\n\t\t<\/div>\n\t\t\t\t<div class=\"elementor-column elementor-col-50 elementor-inner-column elementor-element elementor-element-7022697\" data-id=\"7022697\" data-element_type=\"column\">\n\t\t\t<div class=\"elementor-widget-wrap elementor-element-populated\">\n\t\t\t\t\t\t<div class=\"elementor-element elementor-element-630c856 elementor-widget elementor-widget-industrium_heading\" data-id=\"630c856\" data-element_type=\"widget\" data-widget_type=\"industrium_heading.default\">\n\t\t\t\t<div class=\"elementor-widget-container\">\n\t\t\t\t\t<div class=\"industrium-heading-widget\"><h5 class=\"industrium-heading\"><span class=\"industrium-heading-content\">Email<\/span><\/h5><\/div>\t\t\t\t<\/div>\n\t\t\t\t<\/div>\n\t\t\t\t<div class=\"elementor-element elementor-element-b714fb0 elementor-widget elementor-widget-text-editor\" data-id=\"b714fb0\" data-element_type=\"widget\" data-widget_type=\"text-editor.default\">\n\t\t\t\t<div class=\"elementor-widget-container\">\n\t\t\t\t\t\t\t\t\t<p>Ukoliko ste zainteresovani za saradnju sa nama kontaktirajte nas na:<br \/><a href=\"mailto:prodaja@stantech.rs\">sales@stantechpackaging.com<\/a><\/p>\t\t\t\t\t\t\t\t<\/div>\n\t\t\t\t<\/div>\n\t\t\t\t\t<\/div>\n\t\t<\/div>\n\t\t\t\t\t<\/div>\n\t\t<\/section>\n\t\t\t\t\t<\/div>\n\t\t<\/div>\n\t\t\t\t<div class=\"elementor-column elementor-col-50 elementor-top-column elementor-element elementor-element-2d44675\" data-id=\"2d44675\" data-element_type=\"column\">\n\t\t\t<div class=\"elementor-widget-wrap elementor-element-populated\">\n\t\t\t\t\t\t<div class=\"elementor-element elementor-element-f036326 elementor-widget elementor-widget-industrium_wpforms\" data-id=\"f036326\" data-element_type=\"widget\" data-widget_type=\"industrium_wpforms.default\">\n\t\t\t\t<div class=\"elementor-widget-container\">\n\t\t\t\t\t<style>.elementor-element-f036326{display:none !important}<\/style>\t\t\t\t<\/div>\n\t\t\t\t<\/div>\n\t\t\t\t<div class=\"elementor-element elementor-element-bf03f28 elementor-widget elementor-widget-industrium_wpforms\" data-id=\"bf03f28\" data-element_type=\"widget\" data-widget_type=\"industrium_wpforms.default\">\n\t\t\t\t<div class=\"elementor-widget-container\">\n\t\t\t\t\t        <div class=\"industrium-wpforms-widget\">\n            <style id=\"wpforms-css-vars-19940\">\n\t\t\t\t#wpforms-19940 {\n\t\t\t\t\n\t\t\t}\n\t\t\t<\/style><div class=\"wpforms-container wpforms-container-full wpforms-render-modern\" id=\"wpforms-19940\"><form id=\"wpforms-form-19940\" class=\"wpforms-validate wpforms-form wpforms-ajax-form\" data-formid=\"19940\" method=\"post\" enctype=\"multipart\/form-data\" action=\"\/sr\/wp-json\/wp\/v2\/pages\/18307\" data-token=\"24bedd15c06897e1b014a64ec55286b1\" data-token-time=\"1776960297\" data-trp-original-action=\"\/sr\/wp-json\/wp\/v2\/pages\/18307\"><noscript class=\"wpforms-error-noscript\">Please enable JavaScript in your browser to complete this form.<\/noscript><div id=\"wpforms-error-noscript\" style=\"display: none;\">Please enable JavaScript in your browser to complete this form.<\/div><div class=\"wpforms-field-container\"><div id=\"wpforms-19940-field_6-container\" class=\"wpforms-field wpforms-field-name\" data-field-id=\"6\"><fieldset><legend class=\"wpforms-field-label wpforms-label-hide\" aria-hidden=\"false\">Ime <span class=\"wpforms-required-label\" aria-hidden=\"true\">*<\/span><\/legend><div class=\"wpforms-field-row wpforms-field-large\"><div class=\"wpforms-field-row-block wpforms-first wpforms-one-half\"><input type=\"text\" id=\"wpforms-19940-field_6\" class=\"wpforms-field-name-first wpforms-field-required\" name=\"wpforms[fields][6][first]\" placeholder=\"Ime\" aria-errormessage=\"wpforms-19940-field_6-error\" required><label for=\"wpforms-19940-field_6\" class=\"wpforms-field-sublabel after wpforms-sublabel-hide\">First<\/label><\/div><div class=\"wpforms-field-row-block wpforms-one-half\"><input type=\"text\" id=\"wpforms-19940-field_6-last\" class=\"wpforms-field-name-last wpforms-field-required\" name=\"wpforms[fields][6][last]\" placeholder=\"Prezime\" aria-errormessage=\"wpforms-19940-field_6-last-error\" required><label for=\"wpforms-19940-field_6-last\" class=\"wpforms-field-sublabel after wpforms-sublabel-hide\">Last<\/label><\/div><\/div><\/fieldset><\/div><div id=\"wpforms-19940-field_3-container\" class=\"wpforms-field wpforms-field-email\" data-field-id=\"3\"><label class=\"wpforms-field-label wpforms-label-hide\" for=\"wpforms-19940-field_3\" aria-hidden=\"false\">Email <span class=\"wpforms-required-label\" aria-hidden=\"true\">*<\/span><\/label><input type=\"email\" id=\"wpforms-19940-field_3\" class=\"wpforms-field-large wpforms-field-required\" name=\"wpforms[fields][3]\" placeholder=\"Email\" spellcheck=\"false\" aria-errormessage=\"wpforms-19940-field_3-error\" required><\/div><div id=\"wpforms-19940-field_4-container\" class=\"wpforms-field wpforms-field-text\" data-field-id=\"4\"><label class=\"wpforms-field-label wpforms-label-hide\" for=\"wpforms-19940-field_4\" aria-hidden=\"false\">Kompanija<\/label><input type=\"text\" id=\"wpforms-19940-field_4\" class=\"wpforms-field-large\" name=\"wpforms[fields][4]\" placeholder=\"Kompanija\" aria-errormessage=\"wpforms-19940-field_4-error\" ><\/div><div id=\"wpforms-19940-field_5-container\" class=\"wpforms-field wpforms-field-textarea\" data-field-id=\"5\"><label class=\"wpforms-field-label wpforms-label-hide\" for=\"wpforms-19940-field_5\" aria-hidden=\"false\">Poruka <span class=\"wpforms-required-label\" aria-hidden=\"true\">*<\/span><\/label><textarea id=\"wpforms-19940-field_5\" class=\"wpforms-field-medium wpforms-field-required\" name=\"wpforms[fields][5]\" placeholder=\"Kako mo\u017eemo da Vam pomognemo?\" aria-errormessage=\"wpforms-19940-field_5-error\" required><\/textarea><\/div><\/div><!-- .wpforms-field-container --><div class=\"wpforms-recaptcha-container wpforms-is-recaptcha wpforms-is-recaptcha-type-v2\" ><div class=\"g-recaptcha\" data-sitekey=\"6LcyjPIqAAAAAIPgFsp57vLfUoAhclKaY-3h3y8N\"><\/div><input type=\"text\" name=\"g-recaptcha-hidden\" class=\"wpforms-recaptcha-hidden\" style=\"position:absolute!important;clip:rect(0,0,0,0)!important;height:1px!important;width:1px!important;border:0!important;overflow:hidden!important;padding:0!important;margin:0!important;\" data-rule-recaptcha=\"1\"><\/div><div class=\"wpforms-submit-container\" ><input type=\"hidden\" name=\"wpforms[id]\" value=\"19940\"><input type=\"hidden\" name=\"page_title\" value=\"\"><input type=\"hidden\" name=\"page_url\" value=\"https:\/\/stantechpackaging.com\/sr\/wp-json\/wp\/v2\/pages\/18307\"><input type=\"hidden\" name=\"url_referer\" value=\"\"><button type=\"submit\" name=\"wpforms[submit]\" id=\"wpforms-submit-19940\" class=\"wpforms-submit\" data-alt-text=\"Sending...\" data-submit-text=\"Send a message\" aria-live=\"assertive\" value=\"wpforms-submit\">Po\u0161alji<\/button><img decoding=\"async\" src=\"https:\/\/stantechpackaging.com\/wp-content\/plugins\/wpforms-lite\/assets\/images\/submit-spin.svg\" class=\"wpforms-submit-spinner\" style=\"display: none;\" width=\"26\" height=\"26\" alt=\"Loading\"><\/div><input type=\"hidden\" name=\"trp-form-language\" value=\"sr\"\/><\/form><\/div>  <!-- .wpforms-container -->        <\/div>\n        \t\t\t\t<\/div>\n\t\t\t\t<\/div>\n\t\t\t\t<div class=\"elementor-element elementor-element-9b415e8 decoration-type-2 elementor-widget__width-auto elementor-absolute elementor-hidden-tablet elementor-hidden-mobile_extra elementor-hidden-mobile animated-fast elementor-invisible elementor-widget elementor-widget-industrium_decoration\" data-id=\"9b415e8\" data-element_type=\"widget\" data-settings=\"{&quot;_position&quot;:&quot;absolute&quot;,&quot;_animation&quot;:&quot;industrium_decoration&quot;,&quot;_animation_tablet_extra&quot;:&quot;none&quot;,&quot;_animation_delay&quot;:300}\" data-widget_type=\"industrium_decoration.default\">\n\t\t\t\t<div class=\"elementor-widget-container\">\n\t\t\t\t\t        <div class=\"decoration-widget\">\n            <div class=\"decoration-container\">\n                <div class=\"industrium-decoration\">\n                    <div><\/div><div><\/div><div><\/div>\n                <\/div>\n            <\/div>\n        <\/div>\n        \t\t\t\t<\/div>\n\t\t\t\t<\/div>\n\t\t\t\t\t<\/div>\n\t\t<\/div>\n\t\t\t\t\t<\/div>\n\t\t<\/section>\n\t\t\t\t<section class=\"elementor-section elementor-top-section elementor-element elementor-element-3bdf5b6 elementor-section-boxed elementor-section-height-default elementor-section-height-default\" data-id=\"3bdf5b6\" data-element_type=\"section\">\n\t\t\t\t\t\t<div class=\"elementor-container elementor-column-gap-default\">\n\t\t\t\t\t<div class=\"elementor-column elementor-col-100 elementor-top-column elementor-element elementor-element-3a0f495\" data-id=\"3a0f495\" data-element_type=\"column\">\n\t\t\t<div class=\"elementor-widget-wrap elementor-element-populated\">\n\t\t\t\t\t\t<div class=\"elementor-element elementor-element-660d7d9 elementor-widget elementor-widget-google_maps\" data-id=\"660d7d9\" data-element_type=\"widget\" data-widget_type=\"google_maps.default\">\n\t\t\t\t<div class=\"elementor-widget-container\">\n\t\t\t\t\t\t\t<div class=\"elementor-custom-embed\">\n\t\t\t<iframe loading=\"lazy\"\n\t\t\t\t\tsrc=\"https:\/\/maps.google.com\/maps?q=Prhova%C4%8Dka%20161%2C%2022310%20%C5%A0imanovci%2C%20Srbija&#038;t=m&#038;z=14&#038;output=embed&#038;iwloc=near\"\n\t\t\t\t\ttitle=\"Prhova\u010dka 161, 22310 \u0160imanovci, Srbija\"\n\t\t\t\t\taria-label=\"Prhova\u010dka 161, 22310 \u0160imanovci, Srbija\"\n\t\t\t><\/iframe>\n\t\t<\/div>\n\t\t\t\t\t\t<\/div>\n\t\t\t\t<\/div>\n\t\t\t\t\t<\/div>\n\t\t<\/div>\n\t\t\t\t\t<\/div>\n\t\t<\/section>\n\t\t\t\t<\/div>","protected":false},"excerpt":{"rendered":"<p>Whether you need a solution for case, tray, cartoning, or palletizing, Stantech is your partner. Our packaging solutions have earned the trust and satisfaction of clients worldwide. We invite you to join our network of satisfied customers. Contact our sales representatives,&#8230;<\/p>","protected":false},"author":1,"featured_media":0,"parent":0,"menu_order":0,"comment_status":"closed","ping_status":"closed","template":"","meta":{"_acf_changed":false,"om_disable_all_campaigns":false,"_monsterinsights_skip_tracking":false,"_monsterinsights_sitenote_active":false,"_monsterinsights_sitenote_note":"","_monsterinsights_sitenote_category":0,"footnotes":""},"class_list":["post-18307","page","type-page","status-publish","hentry"],"acf":[],"yoast_head":"<!-- This site is optimized with the Yoast SEO plugin v27.2 - https:\/\/yoast.com\/product\/yoast-seo-wordpress\/ -->\n<title>Contact StanTech Today<\/title>\n<meta name=\"description\" content=\"Contact us for high-quality, tailored case packaging solutions. Reach out for expert advice and the perfect fit for your production line.\" \/>\n<meta name=\"robots\" content=\"index, follow, max-snippet:-1, max-image-preview:large, max-video-preview:-1\" \/>\n<link rel=\"canonical\" href=\"https:\/\/stantechpackaging.com\/sr\/contact-us\/\" \/>\n<meta property=\"og:locale\" content=\"sr_RS\" \/>\n<meta property=\"og:type\" content=\"article\" \/>\n<meta property=\"og:title\" content=\"Contact StanTech Today\" \/>\n<meta property=\"og:description\" content=\"Contact us for high-quality, tailored case packaging solutions. Reach out for expert advice and the perfect fit for your production line.\" \/>\n<meta property=\"og:url\" content=\"https:\/\/stantechpackaging.com\/sr\/contact-us\/\" \/>\n<meta property=\"og:site_name\" content=\"StanTech Packaging\" \/>\n<meta property=\"article:modified_time\" content=\"2026-01-12T12:28:19+00:00\" \/>\n<meta name=\"twitter:card\" content=\"summary_large_image\" \/>\n<meta name=\"twitter:label1\" content=\"\u041f\u0440\u043e\u0446\u0435\u045a\u0435\u043d\u043e \u0432\u0440\u0435\u043c\u0435 \u0447\u0438\u0442\u0430\u045a\u0430\" \/>\n\t<meta name=\"twitter:data1\" content=\"1 \u043c\u0438\u043d\u0443\u0442\" \/>\n<script type=\"application\/ld+json\" class=\"yoast-schema-graph\">{\"@context\":\"https:\/\/schema.org\",\"@graph\":[{\"@type\":\"WebPage\",\"@id\":\"https:\/\/stantechpackaging.com\/contact-us\/\",\"url\":\"https:\/\/stantechpackaging.com\/contact-us\/\",\"name\":\"Contact StanTech Today\",\"isPartOf\":{\"@id\":\"https:\/\/stantechpackaging.com\/#website\"},\"datePublished\":\"2025-03-04T00:23:07+00:00\",\"dateModified\":\"2026-01-12T12:28:19+00:00\",\"description\":\"Contact us for high-quality, tailored case packaging solutions. Reach out for expert advice and the perfect fit for your production line.\",\"breadcrumb\":{\"@id\":\"https:\/\/stantechpackaging.com\/contact-us\/#breadcrumb\"},\"inLanguage\":\"sr-RS\",\"potentialAction\":[{\"@type\":\"ReadAction\",\"target\":[\"https:\/\/stantechpackaging.com\/contact-us\/\"]}]},{\"@type\":\"BreadcrumbList\",\"@id\":\"https:\/\/stantechpackaging.com\/contact-us\/#breadcrumb\",\"itemListElement\":[{\"@type\":\"ListItem\",\"position\":1,\"name\":\"Home\",\"item\":\"https:\/\/stantechpackaging.com\/en\/\"},{\"@type\":\"ListItem\",\"position\":2,\"name\":\"Contact Us\"}]},{\"@type\":\"WebSite\",\"@id\":\"https:\/\/stantechpackaging.com\/#website\",\"url\":\"https:\/\/stantechpackaging.com\/\",\"name\":\"StanTech Packaging\",\"description\":\"Secondary cardboard packaging automation\",\"publisher\":{\"@id\":\"https:\/\/stantechpackaging.com\/#organization\"},\"potentialAction\":[{\"@type\":\"SearchAction\",\"target\":{\"@type\":\"EntryPoint\",\"urlTemplate\":\"https:\/\/stantechpackaging.com\/?s={search_term_string}\"},\"query-input\":{\"@type\":\"PropertyValueSpecification\",\"valueRequired\":true,\"valueName\":\"search_term_string\"}}],\"inLanguage\":\"sr-RS\"},{\"@type\":\"Organization\",\"@id\":\"https:\/\/stantechpackaging.com\/#organization\",\"name\":\"StanTech Packaging\",\"url\":\"https:\/\/stantechpackaging.com\/\",\"logo\":{\"@type\":\"ImageObject\",\"inLanguage\":\"sr-RS\",\"@id\":\"https:\/\/stantechpackaging.com\/#\/schema\/logo\/image\/\",\"url\":\"https:\/\/stantechpackaging.com\/wp-content\/uploads\/2024\/10\/StanTech_MainLogo-03.svg\",\"contentUrl\":\"https:\/\/stantechpackaging.com\/wp-content\/uploads\/2024\/10\/StanTech_MainLogo-03.svg\",\"width\":301,\"height\":100,\"caption\":\"StanTech Packaging\"},\"image\":{\"@id\":\"https:\/\/stantechpackaging.com\/#\/schema\/logo\/image\/\"}}]}<\/script>\n<!-- \/ Yoast SEO plugin. -->","yoast_head_json":{"title":"Contact StanTech Today","description":"Contact us for high-quality, tailored case packaging solutions. Reach out for expert advice and the perfect fit for your production line.","robots":{"index":"index","follow":"follow","max-snippet":"max-snippet:-1","max-image-preview":"max-image-preview:large","max-video-preview":"max-video-preview:-1"},"canonical":"https:\/\/stantechpackaging.com\/sr\/contact-us\/","og_locale":"sr_RS","og_type":"article","og_title":"Contact StanTech Today","og_description":"Contact us for high-quality, tailored case packaging solutions. Reach out for expert advice and the perfect fit for your production line.","og_url":"https:\/\/stantechpackaging.com\/sr\/contact-us\/","og_site_name":"StanTech Packaging","article_modified_time":"2026-01-12T12:28:19+00:00","twitter_card":"summary_large_image","twitter_misc":{"\u041f\u0440\u043e\u0446\u0435\u045a\u0435\u043d\u043e \u0432\u0440\u0435\u043c\u0435 \u0447\u0438\u0442\u0430\u045a\u0430":"1 \u043c\u0438\u043d\u0443\u0442"},"schema":{"@context":"https:\/\/schema.org","@graph":[{"@type":"WebPage","@id":"https:\/\/stantechpackaging.com\/contact-us\/","url":"https:\/\/stantechpackaging.com\/contact-us\/","name":"Contact StanTech Today","isPartOf":{"@id":"https:\/\/stantechpackaging.com\/#website"},"datePublished":"2025-03-04T00:23:07+00:00","dateModified":"2026-01-12T12:28:19+00:00","description":"Contact us for high-quality, tailored case packaging solutions. Reach out for expert advice and the perfect fit for your production line.","breadcrumb":{"@id":"https:\/\/stantechpackaging.com\/contact-us\/#breadcrumb"},"inLanguage":"sr-RS","potentialAction":[{"@type":"ReadAction","target":["https:\/\/stantechpackaging.com\/contact-us\/"]}]},{"@type":"BreadcrumbList","@id":"https:\/\/stantechpackaging.com\/contact-us\/#breadcrumb","itemListElement":[{"@type":"ListItem","position":1,"name":"Home","item":"https:\/\/stantechpackaging.com\/en\/"},{"@type":"ListItem","position":2,"name":"Contact Us"}]},{"@type":"WebSite","@id":"https:\/\/stantechpackaging.com\/#website","url":"https:\/\/stantechpackaging.com\/","name":"StanTech Packaging","description":"Secondary cardboard packaging automation","publisher":{"@id":"https:\/\/stantechpackaging.com\/#organization"},"potentialAction":[{"@type":"SearchAction","target":{"@type":"EntryPoint","urlTemplate":"https:\/\/stantechpackaging.com\/?s={search_term_string}"},"query-input":{"@type":"PropertyValueSpecification","valueRequired":true,"valueName":"search_term_string"}}],"inLanguage":"sr-RS"},{"@type":"Organization","@id":"https:\/\/stantechpackaging.com\/#organization","name":"StanTech Packaging","url":"https:\/\/stantechpackaging.com\/","logo":{"@type":"ImageObject","inLanguage":"sr-RS","@id":"https:\/\/stantechpackaging.com\/#\/schema\/logo\/image\/","url":"https:\/\/stantechpackaging.com\/wp-content\/uploads\/2024\/10\/StanTech_MainLogo-03.svg","contentUrl":"https:\/\/stantechpackaging.com\/wp-content\/uploads\/2024\/10\/StanTech_MainLogo-03.svg","width":301,"height":100,"caption":"StanTech Packaging"},"image":{"@id":"https:\/\/stantechpackaging.com\/#\/schema\/logo\/image\/"}}]}},"jetpack_sharing_enabled":true,"_links":{"self":[{"href":"https:\/\/stantechpackaging.com\/sr\/wp-json\/wp\/v2\/pages\/18307","targetHints":{"allow":["GET"]}}],"collection":[{"href":"https:\/\/stantechpackaging.com\/sr\/wp-json\/wp\/v2\/pages"}],"about":[{"href":"https:\/\/stantechpackaging.com\/sr\/wp-json\/wp\/v2\/types\/page"}],"author":[{"embeddable":true,"href":"https:\/\/stantechpackaging.com\/sr\/wp-json\/wp\/v2\/users\/1"}],"replies":[{"embeddable":true,"href":"https:\/\/stantechpackaging.com\/sr\/wp-json\/wp\/v2\/comments?post=18307"}],"version-history":[{"count":89,"href":"https:\/\/stantechpackaging.com\/sr\/wp-json\/wp\/v2\/pages\/18307\/revisions"}],"predecessor-version":[{"id":20110,"href":"https:\/\/stantechpackaging.com\/sr\/wp-json\/wp\/v2\/pages\/18307\/revisions\/20110"}],"wp:attachment":[{"href":"https:\/\/stantechpackaging.com\/sr\/wp-json\/wp\/v2\/media?parent=18307"}],"curies":[{"name":"wp","href":"https:\/\/api.w.org\/{rel}","templated":true}]}}