{"id":18950,"date":"2025-03-14T13:09:13","date_gmt":"2025-03-14T13:09:13","guid":{"rendered":"https:\/\/stantechpackaging.com\/?page_id=18950"},"modified":"2026-03-11T12:31:58","modified_gmt":"2026-03-11T12:31:58","slug":"palletizers","status":"publish","type":"page","link":"https:\/\/stantechpackaging.com\/es\/palletizers\/","title":{"rendered":"PALLETIZERS"},"content":{"rendered":"<div data-elementor-type=\"wp-page\" data-elementor-id=\"18950\" class=\"elementor elementor-18950\">\n\t\t\t\t\t\t<section class=\"elementor-section elementor-top-section elementor-element elementor-element-4afe49f elementor-section-full_width elementor-section-stretched elementor-section-height-default elementor-section-height-default\" data-id=\"4afe49f\" data-element_type=\"section\" data-settings=\"{&quot;stretch_section&quot;:&quot;section-stretched&quot;}\">\n\t\t\t\t\t\t<div class=\"elementor-container elementor-column-gap-no\">\n\t\t\t\t\t<div class=\"elementor-column elementor-col-100 elementor-top-column elementor-element elementor-element-381e5d5\" data-id=\"381e5d5\" data-element_type=\"column\">\n\t\t\t<div class=\"elementor-widget-wrap elementor-element-populated\">\n\t\t\t\t\t\t<div class=\"elementor-element elementor-element-0165adc elementor-widget elementor-widget-industrium_content_slider\" data-id=\"0165adc\" data-element_type=\"widget\" data-widget_type=\"industrium_content_slider.default\">\n\t\t\t\t<div class=\"elementor-widget-container\">\n\t\t\t\t\t\n        <div class=\"industrium-content-slider-widget\">\n            <div class=\"content-slider-wrapper\">\n\n                <div class=\"content-slider-container\">\n                    <div class=\"content-slider owl-carousel owl-theme\" data-slider-options=\"{&quot;items&quot;:1,&quot;nav&quot;:false,&quot;dots&quot;:false,&quot;autoplayHoverPause&quot;:true,&quot;autoplay&quot;:false,&quot;autoplaySpeed&quot;:5000,&quot;autoplayTimeout&quot;:5000,&quot;loop&quot;:true,&quot;speed&quot;:1200,&quot;dotsContainer&quot;:&quot;.owl-dots-0165adc&quot;,&quot;animateOut&quot;:&quot;fadeOut&quot;,&quot;progress&quot;:false,&quot;progress_position&quot;:&quot;pagination&quot;}\">\n                        <div class=\"content-item slider-item elementor-repeater-item-1422bf1 content-position-end image-vertical-position-middle aside-area-position-pagination\"><div class=\"elementor-section elementor-section-boxed\"><div class=\"elementor-container elementor-column-gap-extended\"><div class=\"elementor-row\"><div class=\"slide-content-column\"><div class=\"industrium-content-wrapper-1\"><div class=\"industrium-heading content-slider-item-heading\"><span class=\"industrium-heading-content\"><span style=\"text-decoration: underline\">Paletizaci\u00f3n Rob\u00f3tica<\/span><\/span><\/div><\/div><div class=\"industrium-content-wrapper-2\"><div class=\"content-slider-item-text\"><h1 style=\"font-size: 20px;font-weight: normal;background: #ffffff;color: #d38928;!important;padding: 5px;line-height:1.2\">El Paletizador rob\u00f3tico automatiza el apilado de productos en pal\u00e9s.<\/h1><\/div><\/div><\/div><\/div><\/div><\/div><div class=\"slide-image-column\"><div class=\"additional-image tilt-effect\"><\/div><\/div><\/div>                    <\/div>                                          \n                            \n                <\/div>\n                            <\/div>\n        <\/div>\n        \t\t\t\t<\/div>\n\t\t\t\t<\/div>\n\t\t\t\t\t<\/div>\n\t\t<\/div>\n\t\t\t\t\t<\/div>\n\t\t<\/section>\n\t\t\t\t<section class=\"elementor-section elementor-top-section elementor-element elementor-element-0eb8d44 elementor-reverse-mobile elementor-section-boxed elementor-section-height-default elementor-section-height-default\" data-id=\"0eb8d44\" data-element_type=\"section\">\n\t\t\t\t\t\t<div class=\"elementor-container elementor-column-gap-wide\">\n\t\t\t\t\t<div class=\"elementor-column elementor-col-50 elementor-top-column elementor-element elementor-element-63b80ba\" data-id=\"63b80ba\" data-element_type=\"column\">\n\t\t\t<div class=\"elementor-widget-wrap elementor-element-populated\">\n\t\t\t\t\t\t<div class=\"elementor-element elementor-element-73a4ac3 elementor-widget elementor-widget-industrium_heading\" data-id=\"73a4ac3\" data-element_type=\"widget\" data-widget_type=\"industrium_heading.default\">\n\t\t\t\t<div class=\"elementor-widget-container\">\n\t\t\t\t\t<div class=\"industrium-heading-widget\"><h2 class=\"industrium-heading\"><span class=\"industrium-subheading\">Paletizaci\u00f3n<\/span><span class=\"industrium-heading-content\">Paletizador rob\u00f3tico<\/span><\/h2><\/div>\t\t\t\t<\/div>\n\t\t\t\t<\/div>\n\t\t\t\t<div class=\"elementor-element elementor-element-601f398 elementor-widget elementor-widget-text-editor\" data-id=\"601f398\" data-element_type=\"widget\" data-widget_type=\"text-editor.default\">\n\t\t\t\t<div class=\"elementor-widget-container\">\n\t\t\t\t\t\t\t\t\t<p>Paletizador Rob\u00f3tico, dise\u00f1ados para maximizar el rendimiento y minimizar el tiempo de inactividad, garantizando un funcionamiento fluido y continuo. Nuestros Paletizadores rob\u00f3ticos est\u00e1n dise\u00f1ados para manejar una amplia gama de productos, desde cajas y bolsas hasta bandejas y paquetes. Todos los Paletizadores rob\u00f3ticos se adaptan a las necesidades espec\u00edficas del cliente con diversas opciones de herramientas de extremo de brazo.<\/p>\t\t\t\t\t\t\t\t<\/div>\n\t\t\t\t<\/div>\n\t\t\t\t<div class=\"elementor-element elementor-element-0dcfae2 elementor-icon-list--layout-traditional elementor-list-item-link-full_width elementor-widget elementor-widget-icon-list\" data-id=\"0dcfae2\" data-element_type=\"widget\" data-widget_type=\"icon-list.default\">\n\t\t\t\t<div class=\"elementor-widget-container\">\n\t\t\t\t\t\t\t<ul class=\"elementor-icon-list-items\">\n\t\t\t\t\t\t\t<li class=\"elementor-icon-list-item\">\n\t\t\t\t\t\t\t\t\t\t\t<span class=\"elementor-icon-list-icon\">\n\t\t\t\t\t\t\t<svg xmlns=\"http:\/\/www.w3.org\/2000\/svg\" xmlns:xlink=\"http:\/\/www.w3.org\/1999\/xlink\" viewbox=\"0 0 19.4 19.4\" xml:space=\"preserve\"><g transform=\"translate(1120.5 4876.904)\">\t<g transform=\"translate(2 2)\">\t\t<path d=\"M-1113.4-4866.4L-1113.4-4866.4c-0.3,0.3-0.8,0.3-1.1,0l-2.4-2.4c-0.3-0.3-0.3-0.8,0-1l0,0c0.3-0.3,0.8-0.3,1.1,0l1.9,1.9   l0.5,0.5C-1113.2-4867.1-1113.2-4866.7-1113.4-4866.4z\"><\/path>\t\t<path d=\"M-1108.8-4871.1l-4.7,4.7l0,0c-0.3,0.3-0.8,0.3-1,0l-0.5-0.5l1.1-1.1l4.1-4.2c0.3-0.3,0.8-0.3,1,0l0,0   C-1108.5-4871.9-1108.5-4871.4-1108.8-4871.1z\"><\/path>\t\t<path d=\"M-1112.8-4878.9c-7.3,0-9.7,2.4-9.7,9.7c0,7.3,2.4,9.7,9.7,9.7c7.3,0,9.7-2.4,9.7-9.7   C-1103.1-4876.5-1105.6-4878.9-1112.8-4878.9z M-1112.8-4860.5c-6.6,0-8.8-2.2-8.8-8.8c0-6.6,2.2-8.8,8.8-8.8   c6.6,0,8.8,2.2,8.8,8.8S-1106.2-4860.5-1112.8-4860.5z\"><\/path>\t<\/g><\/g><\/svg>\t\t\t\t\t\t<\/span>\n\t\t\t\t\t\t\t\t\t\t<span class=\"elementor-icon-list-text\">Capacidad de carga \u00fatil<\/span>\n\t\t\t\t\t\t\t\t\t<\/li>\n\t\t\t\t\t\t\t\t<li class=\"elementor-icon-list-item\">\n\t\t\t\t\t\t\t\t\t\t\t<span class=\"elementor-icon-list-icon\">\n\t\t\t\t\t\t\t<svg xmlns=\"http:\/\/www.w3.org\/2000\/svg\" xmlns:xlink=\"http:\/\/www.w3.org\/1999\/xlink\" viewbox=\"0 0 19.4 19.4\" xml:space=\"preserve\"><g transform=\"translate(1120.5 4876.904)\">\t<g transform=\"translate(2 2)\">\t\t<path d=\"M-1113.4-4866.4L-1113.4-4866.4c-0.3,0.3-0.8,0.3-1.1,0l-2.4-2.4c-0.3-0.3-0.3-0.8,0-1l0,0c0.3-0.3,0.8-0.3,1.1,0l1.9,1.9   l0.5,0.5C-1113.2-4867.1-1113.2-4866.7-1113.4-4866.4z\"><\/path>\t\t<path d=\"M-1108.8-4871.1l-4.7,4.7l0,0c-0.3,0.3-0.8,0.3-1,0l-0.5-0.5l1.1-1.1l4.1-4.2c0.3-0.3,0.8-0.3,1,0l0,0   C-1108.5-4871.9-1108.5-4871.4-1108.8-4871.1z\"><\/path>\t\t<path d=\"M-1112.8-4878.9c-7.3,0-9.7,2.4-9.7,9.7c0,7.3,2.4,9.7,9.7,9.7c7.3,0,9.7-2.4,9.7-9.7   C-1103.1-4876.5-1105.6-4878.9-1112.8-4878.9z M-1112.8-4860.5c-6.6,0-8.8-2.2-8.8-8.8c0-6.6,2.2-8.8,8.8-8.8   c6.6,0,8.8,2.2,8.8,8.8S-1106.2-4860.5-1112.8-4860.5z\"><\/path>\t<\/g><\/g><\/svg>\t\t\t\t\t\t<\/span>\n\t\t\t\t\t\t\t\t\t\t<span class=\"elementor-icon-list-text\">Alta velocidad<\/span>\n\t\t\t\t\t\t\t\t\t<\/li>\n\t\t\t\t\t\t\t\t<li class=\"elementor-icon-list-item\">\n\t\t\t\t\t\t\t\t\t\t\t<span class=\"elementor-icon-list-icon\">\n\t\t\t\t\t\t\t<svg xmlns=\"http:\/\/www.w3.org\/2000\/svg\" xmlns:xlink=\"http:\/\/www.w3.org\/1999\/xlink\" viewbox=\"0 0 19.4 19.4\" xml:space=\"preserve\"><g transform=\"translate(1120.5 4876.904)\">\t<g transform=\"translate(2 2)\">\t\t<path d=\"M-1113.4-4866.4L-1113.4-4866.4c-0.3,0.3-0.8,0.3-1.1,0l-2.4-2.4c-0.3-0.3-0.3-0.8,0-1l0,0c0.3-0.3,0.8-0.3,1.1,0l1.9,1.9   l0.5,0.5C-1113.2-4867.1-1113.2-4866.7-1113.4-4866.4z\"><\/path>\t\t<path d=\"M-1108.8-4871.1l-4.7,4.7l0,0c-0.3,0.3-0.8,0.3-1,0l-0.5-0.5l1.1-1.1l4.1-4.2c0.3-0.3,0.8-0.3,1,0l0,0   C-1108.5-4871.9-1108.5-4871.4-1108.8-4871.1z\"><\/path>\t\t<path d=\"M-1112.8-4878.9c-7.3,0-9.7,2.4-9.7,9.7c0,7.3,2.4,9.7,9.7,9.7c7.3,0,9.7-2.4,9.7-9.7   C-1103.1-4876.5-1105.6-4878.9-1112.8-4878.9z M-1112.8-4860.5c-6.6,0-8.8-2.2-8.8-8.8c0-6.6,2.2-8.8,8.8-8.8   c6.6,0,8.8,2.2,8.8,8.8S-1106.2-4860.5-1112.8-4860.5z\"><\/path>\t<\/g><\/g><\/svg>\t\t\t\t\t\t<\/span>\n\t\t\t\t\t\t\t\t\t\t<span class=\"elementor-icon-list-text\">Precisi\u00f3n<\/span>\n\t\t\t\t\t\t\t\t\t<\/li>\n\t\t\t\t\t\t<\/ul>\n\t\t\t\t\t\t<\/div>\n\t\t\t\t<\/div>\n\t\t\t\t<div class=\"elementor-element elementor-element-eefaf4f elementor-widget elementor-widget-industrium_button\" data-id=\"eefaf4f\" data-element_type=\"widget\" data-widget_type=\"industrium_button.default\">\n\t\t\t\t<div class=\"elementor-widget-container\">\n\t\t\t\t\t\n        <div class=\"button-widget\">\n            <div class=\"button-container\">\n                <a class=\"industrium-button button-type-1\" href=\"\/es\/robotic-palletizer\/\" >\n                    Explorar m\u00e1s<svg viewbox=\"0 0 13 20\"><polyline points=\"0.5 19.5 3 19.5 12.5 10 3 0.5\"><\/polyline><\/svg>                    \n                <\/a>\n            <\/div>\n        <\/div>\n        \t\t\t\t<\/div>\n\t\t\t\t<\/div>\n\t\t\t\t\t<\/div>\n\t\t<\/div>\n\t\t\t\t<div class=\"elementor-column elementor-col-50 elementor-top-column elementor-element elementor-element-e9eca7d\" data-id=\"e9eca7d\" data-element_type=\"column\">\n\t\t\t<div class=\"elementor-widget-wrap elementor-element-populated\">\n\t\t\t\t\t\t<div class=\"elementor-element elementor-element-7d93f81 elementor-widget elementor-widget-image\" data-id=\"7d93f81\" data-element_type=\"widget\" data-widget_type=\"image.default\">\n\t\t\t\t<div class=\"elementor-widget-container\">\n\t\t\t\t\t\t\t\t\t\t\t\t\t\t\t<img fetchpriority=\"high\" decoding=\"async\" width=\"1200\" height=\"665\" src=\"https:\/\/stantechpackaging.com\/wp-content\/uploads\/2025\/10\/Palletizer-Machine-Render-02.jpg\" class=\"attachment-full size-full wp-image-20328\" alt=\"Robotic palletizers can handle everything from boxes and bags to trays and bundled items\" srcset=\"https:\/\/stantechpackaging.com\/wp-content\/uploads\/2025\/10\/Palletizer-Machine-Render-02.jpg 1200w, https:\/\/stantechpackaging.com\/wp-content\/uploads\/2025\/10\/Palletizer-Machine-Render-02-300x166.jpg 300w, https:\/\/stantechpackaging.com\/wp-content\/uploads\/2025\/10\/Palletizer-Machine-Render-02-1024x567.jpg 1024w, https:\/\/stantechpackaging.com\/wp-content\/uploads\/2025\/10\/Palletizer-Machine-Render-02-768x426.jpg 768w, https:\/\/stantechpackaging.com\/wp-content\/uploads\/2025\/10\/Palletizer-Machine-Render-02-18x10.jpg 18w\" sizes=\"(max-width: 1200px) 100vw, 1200px\" \/>\t\t\t\t\t\t\t\t\t\t\t\t\t\t\t<\/div>\n\t\t\t\t<\/div>\n\t\t\t\t\t<\/div>\n\t\t<\/div>\n\t\t\t\t\t<\/div>\n\t\t<\/section>\n\t\t\t\t<\/div>","protected":false},"excerpt":{"rendered":"<p>Robotic PalletizationThe Robotic Palletizer machine automate the stacking of products onto pallets. Robotic Palletizers, designed to maximize throughput and minimize downtime, ensuring smooth and continuous operation. Our robotic palletizers are engineered to handle a wide range of products, from boxes and&#8230;<\/p>","protected":false},"author":1,"featured_media":0,"parent":0,"menu_order":0,"comment_status":"closed","ping_status":"closed","template":"","meta":{"_acf_changed":false,"om_disable_all_campaigns":false,"_monsterinsights_skip_tracking":false,"_monsterinsights_sitenote_active":false,"_monsterinsights_sitenote_note":"","_monsterinsights_sitenote_category":0,"footnotes":""},"class_list":["post-18950","page","type-page","status-publish","hentry"],"acf":[],"yoast_head":"<!-- This site is optimized with the Yoast SEO plugin v27.2 - https:\/\/yoast.com\/product\/yoast-seo-wordpress\/ -->\n<title>Robotic Palletizer | StanTech Packaging Machine<\/title>\n<meta name=\"description\" content=\"Boost production efficiency with Stantech\u2019s robotic palletizer. High-speed technology and automated end-of-line packaging for precise and reliable palletizing.\" \/>\n<meta name=\"robots\" content=\"index, follow, max-snippet:-1, max-image-preview:large, max-video-preview:-1\" \/>\n<link rel=\"canonical\" href=\"https:\/\/stantechpackaging.com\/es\/palletizers\/\" \/>\n<meta property=\"og:locale\" content=\"es_ES\" \/>\n<meta property=\"og:type\" content=\"article\" \/>\n<meta property=\"og:title\" content=\"Robotic Palletizer | StanTech Packaging Machine\" \/>\n<meta property=\"og:description\" content=\"Boost production efficiency with Stantech\u2019s robotic palletizer. High-speed technology and automated end-of-line packaging for precise and reliable palletizing.\" \/>\n<meta property=\"og:url\" content=\"https:\/\/stantechpackaging.com\/es\/palletizers\/\" \/>\n<meta property=\"og:site_name\" content=\"StanTech Packaging\" \/>\n<meta property=\"article:modified_time\" content=\"2026-03-11T12:31:58+00:00\" \/>\n<meta property=\"og:image\" content=\"https:\/\/stantechpackaging.com\/wp-content\/uploads\/2025\/10\/Palletizer-Machine-Render-02.jpg\" \/>\n\t<meta property=\"og:image:width\" content=\"1200\" \/>\n\t<meta property=\"og:image:height\" content=\"665\" \/>\n\t<meta property=\"og:image:type\" content=\"image\/jpeg\" \/>\n<meta name=\"twitter:card\" content=\"summary_large_image\" \/>\n<meta name=\"twitter:label1\" content=\"Tiempo de lectura\" \/>\n\t<meta name=\"twitter:data1\" content=\"1 minuto\" \/>\n<script type=\"application\/ld+json\" class=\"yoast-schema-graph\">{\"@context\":\"https:\/\/schema.org\",\"@graph\":[{\"@type\":\"WebPage\",\"@id\":\"https:\/\/stantechpackaging.com\/en\/palletizers\/\",\"url\":\"https:\/\/stantechpackaging.com\/en\/palletizers\/\",\"name\":\"Robotic Palletizer | StanTech Packaging Machine\",\"isPartOf\":{\"@id\":\"https:\/\/stantechpackaging.com\/#website\"},\"primaryImageOfPage\":{\"@id\":\"https:\/\/stantechpackaging.com\/en\/palletizers\/#primaryimage\"},\"image\":{\"@id\":\"https:\/\/stantechpackaging.com\/en\/palletizers\/#primaryimage\"},\"thumbnailUrl\":\"https:\/\/stantechpackaging.com\/wp-content\/uploads\/2025\/10\/Palletizer-Machine-Render-02.jpg\",\"datePublished\":\"2025-03-14T13:09:13+00:00\",\"dateModified\":\"2026-03-11T12:31:58+00:00\",\"description\":\"Boost production efficiency with Stantech\u2019s robotic palletizer. High-speed technology and automated end-of-line packaging for precise and reliable palletizing.\",\"breadcrumb\":{\"@id\":\"https:\/\/stantechpackaging.com\/en\/palletizers\/#breadcrumb\"},\"inLanguage\":\"es\",\"potentialAction\":[{\"@type\":\"ReadAction\",\"target\":[\"https:\/\/stantechpackaging.com\/en\/palletizers\/\"]}]},{\"@type\":\"ImageObject\",\"inLanguage\":\"es\",\"@id\":\"https:\/\/stantechpackaging.com\/en\/palletizers\/#primaryimage\",\"url\":\"https:\/\/stantechpackaging.com\/wp-content\/uploads\/2025\/10\/Palletizer-Machine-Render-02.jpg\",\"contentUrl\":\"https:\/\/stantechpackaging.com\/wp-content\/uploads\/2025\/10\/Palletizer-Machine-Render-02.jpg\"},{\"@type\":\"BreadcrumbList\",\"@id\":\"https:\/\/stantechpackaging.com\/en\/palletizers\/#breadcrumb\",\"itemListElement\":[{\"@type\":\"ListItem\",\"position\":1,\"name\":\"Home\",\"item\":\"https:\/\/stantechpackaging.com\/en\/\"},{\"@type\":\"ListItem\",\"position\":2,\"name\":\"PALLETIZERS\"}]},{\"@type\":\"WebSite\",\"@id\":\"https:\/\/stantechpackaging.com\/#website\",\"url\":\"https:\/\/stantechpackaging.com\/\",\"name\":\"StanTech Packaging\",\"description\":\"Secondary cardboard packaging automation\",\"publisher\":{\"@id\":\"https:\/\/stantechpackaging.com\/#organization\"},\"potentialAction\":[{\"@type\":\"SearchAction\",\"target\":{\"@type\":\"EntryPoint\",\"urlTemplate\":\"https:\/\/stantechpackaging.com\/?s={search_term_string}\"},\"query-input\":{\"@type\":\"PropertyValueSpecification\",\"valueRequired\":true,\"valueName\":\"search_term_string\"}}],\"inLanguage\":\"es\"},{\"@type\":\"Organization\",\"@id\":\"https:\/\/stantechpackaging.com\/#organization\",\"name\":\"StanTech Packaging\",\"url\":\"https:\/\/stantechpackaging.com\/\",\"logo\":{\"@type\":\"ImageObject\",\"inLanguage\":\"es\",\"@id\":\"https:\/\/stantechpackaging.com\/#\/schema\/logo\/image\/\",\"url\":\"https:\/\/stantechpackaging.com\/wp-content\/uploads\/2024\/10\/StanTech_MainLogo-03.svg\",\"contentUrl\":\"https:\/\/stantechpackaging.com\/wp-content\/uploads\/2024\/10\/StanTech_MainLogo-03.svg\",\"width\":301,\"height\":100,\"caption\":\"StanTech Packaging\"},\"image\":{\"@id\":\"https:\/\/stantechpackaging.com\/#\/schema\/logo\/image\/\"}}]}<\/script>\n<!-- \/ Yoast SEO plugin. -->","yoast_head_json":{"title":"Robotic Palletizer | StanTech Packaging Machine","description":"Boost production efficiency with Stantech\u2019s robotic palletizer. High-speed technology and automated end-of-line packaging for precise and reliable palletizing.","robots":{"index":"index","follow":"follow","max-snippet":"max-snippet:-1","max-image-preview":"max-image-preview:large","max-video-preview":"max-video-preview:-1"},"canonical":"https:\/\/stantechpackaging.com\/es\/palletizers\/","og_locale":"es_ES","og_type":"article","og_title":"Robotic Palletizer | StanTech Packaging Machine","og_description":"Boost production efficiency with Stantech\u2019s robotic palletizer. High-speed technology and automated end-of-line packaging for precise and reliable palletizing.","og_url":"https:\/\/stantechpackaging.com\/es\/palletizers\/","og_site_name":"StanTech Packaging","article_modified_time":"2026-03-11T12:31:58+00:00","og_image":[{"width":1200,"height":665,"url":"https:\/\/stantechpackaging.com\/wp-content\/uploads\/2025\/10\/Palletizer-Machine-Render-02.jpg","type":"image\/jpeg"}],"twitter_card":"summary_large_image","twitter_misc":{"Tiempo de lectura":"1 minuto"},"schema":{"@context":"https:\/\/schema.org","@graph":[{"@type":"WebPage","@id":"https:\/\/stantechpackaging.com\/en\/palletizers\/","url":"https:\/\/stantechpackaging.com\/en\/palletizers\/","name":"Robotic Palletizer | StanTech Packaging Machine","isPartOf":{"@id":"https:\/\/stantechpackaging.com\/#website"},"primaryImageOfPage":{"@id":"https:\/\/stantechpackaging.com\/en\/palletizers\/#primaryimage"},"image":{"@id":"https:\/\/stantechpackaging.com\/en\/palletizers\/#primaryimage"},"thumbnailUrl":"https:\/\/stantechpackaging.com\/wp-content\/uploads\/2025\/10\/Palletizer-Machine-Render-02.jpg","datePublished":"2025-03-14T13:09:13+00:00","dateModified":"2026-03-11T12:31:58+00:00","description":"Boost production efficiency with Stantech\u2019s robotic palletizer. High-speed technology and automated end-of-line packaging for precise and reliable palletizing.","breadcrumb":{"@id":"https:\/\/stantechpackaging.com\/en\/palletizers\/#breadcrumb"},"inLanguage":"es","potentialAction":[{"@type":"ReadAction","target":["https:\/\/stantechpackaging.com\/en\/palletizers\/"]}]},{"@type":"ImageObject","inLanguage":"es","@id":"https:\/\/stantechpackaging.com\/en\/palletizers\/#primaryimage","url":"https:\/\/stantechpackaging.com\/wp-content\/uploads\/2025\/10\/Palletizer-Machine-Render-02.jpg","contentUrl":"https:\/\/stantechpackaging.com\/wp-content\/uploads\/2025\/10\/Palletizer-Machine-Render-02.jpg"},{"@type":"BreadcrumbList","@id":"https:\/\/stantechpackaging.com\/en\/palletizers\/#breadcrumb","itemListElement":[{"@type":"ListItem","position":1,"name":"Home","item":"https:\/\/stantechpackaging.com\/en\/"},{"@type":"ListItem","position":2,"name":"PALLETIZERS"}]},{"@type":"WebSite","@id":"https:\/\/stantechpackaging.com\/#website","url":"https:\/\/stantechpackaging.com\/","name":"StanTech Packaging","description":"Secondary cardboard packaging automation","publisher":{"@id":"https:\/\/stantechpackaging.com\/#organization"},"potentialAction":[{"@type":"SearchAction","target":{"@type":"EntryPoint","urlTemplate":"https:\/\/stantechpackaging.com\/?s={search_term_string}"},"query-input":{"@type":"PropertyValueSpecification","valueRequired":true,"valueName":"search_term_string"}}],"inLanguage":"es"},{"@type":"Organization","@id":"https:\/\/stantechpackaging.com\/#organization","name":"StanTech Packaging","url":"https:\/\/stantechpackaging.com\/","logo":{"@type":"ImageObject","inLanguage":"es","@id":"https:\/\/stantechpackaging.com\/#\/schema\/logo\/image\/","url":"https:\/\/stantechpackaging.com\/wp-content\/uploads\/2024\/10\/StanTech_MainLogo-03.svg","contentUrl":"https:\/\/stantechpackaging.com\/wp-content\/uploads\/2024\/10\/StanTech_MainLogo-03.svg","width":301,"height":100,"caption":"StanTech Packaging"},"image":{"@id":"https:\/\/stantechpackaging.com\/#\/schema\/logo\/image\/"}}]}},"jetpack_sharing_enabled":true,"_links":{"self":[{"href":"https:\/\/stantechpackaging.com\/es\/wp-json\/wp\/v2\/pages\/18950","targetHints":{"allow":["GET"]}}],"collection":[{"href":"https:\/\/stantechpackaging.com\/es\/wp-json\/wp\/v2\/pages"}],"about":[{"href":"https:\/\/stantechpackaging.com\/es\/wp-json\/wp\/v2\/types\/page"}],"author":[{"embeddable":true,"href":"https:\/\/stantechpackaging.com\/es\/wp-json\/wp\/v2\/users\/1"}],"replies":[{"embeddable":true,"href":"https:\/\/stantechpackaging.com\/es\/wp-json\/wp\/v2\/comments?post=18950"}],"version-history":[{"count":19,"href":"https:\/\/stantechpackaging.com\/es\/wp-json\/wp\/v2\/pages\/18950\/revisions"}],"predecessor-version":[{"id":21167,"href":"https:\/\/stantechpackaging.com\/es\/wp-json\/wp\/v2\/pages\/18950\/revisions\/21167"}],"wp:attachment":[{"href":"https:\/\/stantechpackaging.com\/es\/wp-json\/wp\/v2\/media?parent=18950"}],"curies":[{"name":"wp","href":"https:\/\/api.w.org\/{rel}","templated":true}]}}